{"id":317,"date":"2014-10-17T07:07:34","date_gmt":"2014-10-17T12:07:34","guid":{"rendered":"http:\/\/jurjenbarel.com\/test\/?page_id=317"},"modified":"2019-04-28T14:53:56","modified_gmt":"2019-04-28T19:53:56","slug":"clients","status":"publish","type":"page","link":"https:\/\/jurjenbarel.com\/fr\/clients\/","title":{"rendered":"Clients"},"content":{"rendered":"<p>Quelques clients r\u00e9cents et r\u00e9currents:<\/p>\n<div class=\"wp-caption client\"><a href=\"http:\/\/www.total.ca\/\"><img decoding=\"async\" src=\"http:\/\/jurjenbarel.com\/wp-content\/uploads\/2015\/10\/Total-logo.png\" alt=\"Total \u00c9v\u00e9nements &amp; Divertisement\" \/><\/a><br \/>Total Events &#038; Entertainment<\/div>\n<div class=\"wp-caption client\"><a href=\"http:\/\/www.lachapelle.org\/\"><img decoding=\"async\" src=\"http:\/\/jurjenbarel.com\/wp-content\/uploads\/2015\/10\/LaChapelle-logo.png\" alt=\"Th\u00e9\u00e2tre La Chapelle\" \/><\/a><br \/>Th\u00e9\u00e2tre La Chapelle<\/div>\n<div class=\"wp-caption client\"><a href=\"http:\/\/ville.montreal.qc.ca\/culture\/\"><img decoding=\"async\" src=\"http:\/\/jurjenbarel.com\/wp-content\/uploads\/2019\/04\/Ville_MTL.png\" alt=\"Ville de Montr\u00e9al - Acc\u00e8s Culture\" \/><\/a><br \/>\nVille de Montr\u00e9al &#8211; Acc\u00e8s Culture<\/div>\n<div class=\"wp-caption client\"><a href=\"http:\/\/www.couperogers.com\/\"><img decoding=\"async\" src=\"http:\/\/jurjenbarel.com\/wp-content\/uploads\/2015\/10\/CoupeRogers-logo.png\" alt=\"Tennis Canada \/ Coupe Rogers\" \/><\/a><br \/>Tennis Canada \/ Coupe Rogers<\/div>\n<div style=\"clear: both;\"><\/div>\n<h4>Et ils disent ceci sur moi :<\/h4>\n<blockquote><p>Facilement un des techniciens de sc\u00e8ne le plus versatile et fiable jamais engag\u00e9 par La Chapelle. Un technicien bien motiv\u00e9 et ing\u00e9nieux avec une aptitude forte pour r\u00e9soudre des probl\u00e8mes.<br \/>\nAid\u00e9 par son exp\u00e9rience pratique et pertinente dans toutes les aspects de la technique de sc\u00e8ne (\u00e9clairages, son, vid\u00e9o, gr\u00e9age) et une connaissance aigu\u00eb des syst\u00e8mes TI, il est un atout pour chaque \u00e9quipe qu&rsquo;il fait partie ou qu&rsquo;il est responsable &#8211; que \u00e7a soit pour un petit th\u00e9\u00e2tre black-box ou un grand centre de congr\u00e8s.<br \/>\n<cite>Andy Calamatas, Directeur Technique et de Production &#8211; <a href=\"http:\/\/www.lachapelle.org\/\" title=\"Th\u00e9\u00e2tre La Chapelle\" target=\"_blank\"Th\u00e9\u00e2tre >La Chapelle<\/a>, Montr\u00e9al<\/cite><\/p><\/blockquote>\n<p><i>D&rsquo;autres r\u00e9f\u00e9rences seront ajout\u00e9s sou peu<\/i><br \/>\n<\/p>","protected":false},"excerpt":{"rendered":"<p>Quelques clients r\u00e9cents et r\u00e9currents: Total Events &#038; Entertainment Th\u00e9\u00e2tre La Chapelle Ville de Montr\u00e9al &#8211; Acc\u00e8s Culture Tennis Canada \/ Coupe Rogers Et ils disent ceci sur moi : Facilement un des techniciens de sc\u00e8ne le plus versatile et fiable jamais engag\u00e9 par La Chapelle. Un technicien bien motiv\u00e9 et ing\u00e9nieux avec une aptitude&#8230; <a class=\"more\" href=\"https:\/\/jurjenbarel.com\/fr\/clients\/\">Lire plus %rarr;<\/a><\/p>\n","protected":false},"author":1,"featured_media":0,"parent":0,"menu_order":3,"comment_status":"closed","ping_status":"closed","template":"fullwidth-page.php","meta":{"footnotes":""},"class_list":["post-317","page","type-page","status-publish","hentry"],"_links":{"self":[{"href":"https:\/\/jurjenbarel.com\/fr\/wp-json\/wp\/v2\/pages\/317","targetHints":{"allow":["GET"]}}],"collection":[{"href":"https:\/\/jurjenbarel.com\/fr\/wp-json\/wp\/v2\/pages"}],"about":[{"href":"https:\/\/jurjenbarel.com\/fr\/wp-json\/wp\/v2\/types\/page"}],"author":[{"embeddable":true,"href":"https:\/\/jurjenbarel.com\/fr\/wp-json\/wp\/v2\/users\/1"}],"replies":[{"embeddable":true,"href":"https:\/\/jurjenbarel.com\/fr\/wp-json\/wp\/v2\/comments?post=317"}],"version-history":[{"count":32,"href":"https:\/\/jurjenbarel.com\/fr\/wp-json\/wp\/v2\/pages\/317\/revisions"}],"predecessor-version":[{"id":451,"href":"https:\/\/jurjenbarel.com\/fr\/wp-json\/wp\/v2\/pages\/317\/revisions\/451"}],"wp:attachment":[{"href":"https:\/\/jurjenbarel.com\/fr\/wp-json\/wp\/v2\/media?parent=317"}],"curies":[{"name":"wp","href":"https:\/\/api.w.org\/{rel}","templated":true}]}}