{"id":205,"date":"2014-09-09T21:40:43","date_gmt":"2014-09-10T02:40:43","guid":{"rendered":"http:\/\/jurjenbarel.com\/test\/?page_id=205"},"modified":"2016-01-13T22:10:57","modified_gmt":"2016-01-14T03:10:57","slug":"services","status":"publish","type":"page","link":"https:\/\/jurjenbarel.com\/fr\/services\/","title":{"rendered":"Services"},"content":{"rendered":"<p><\/p>\n<p>Je suis d\u2019avis que chaque production se doit d\u2019\u00eatre unique et c\u2019est avec cette approche que j\u2019offre les services suivants en tant que technicien pigiste aux artistes et artisans, aux producteurs des arts de la sc\u00e8ne et aux responsables des \u00e9v\u00e9nements corporatifs. Je me greffe \u00e0 toute \u00e9quipe avec le d\u00e9sir d\u2019apporter et de partager mes comp\u00e9tences avec pour but la r\u00e9ussite de vos cr\u00e9ations.<\/p>\n<h3>Direction technique<\/h3>\n<p>Voici un aper\u00e7u des diff\u00e9rents services que je peux assumer \u00e0 la direction technique :<\/p>\n<ul>\n<li>Recrutement et supervision d\u2019\u00e9quipes techniques;<\/li>\n<li>Gestion des ressources humaines, mat\u00e9rielles, financi\u00e8res, technologiques et techniques sc\u00e9nographiques;<\/li>\n<li>Recherches de fournisseurs d\u2019\u00e9quipements et pr\u00e9paration des soumissions;<\/li>\n<li>Liaison et communication avec les responsables techniques des lieux dans lesquels vos productions seront produites;<\/li>\n<li>Pr\u00e9paration de fiches techniques.<\/li>\n<\/ul>\n<p><b>Portfolio :<\/b> <a href=\"http:\/\/jurjenbarel.com\/fr\/service\/direction-technique\/\">Direction technique<\/a>.<\/p>\n<h3>Conception d&rsquo;\u00e9clairages<\/h3>\n<p><a href=\"http:\/\/jurjenbarel.com\/fr\/projet\/ave-nue\/\"><img loading=\"lazy\" decoding=\"async\" class=\"alignright size-medium wp-image-219\" src=\"http:\/\/jurjenbarel.com\/wp-content\/uploads\/2014\/09\/Ave-Nue-2-320x213.jpg\" alt=\"Ave Nue\" width=\"160\" height=\"107\" srcset=\"https:\/\/jurjenbarel.com\/wp-content\/uploads\/2014\/09\/Ave-Nue-2-320x213.jpg 320w, https:\/\/jurjenbarel.com\/wp-content\/uploads\/2014\/09\/Ave-Nue-2-540x359.jpg 540w, https:\/\/jurjenbarel.com\/wp-content\/uploads\/2014\/09\/Ave-Nue-2.jpg 800w\" sizes=\"auto, (max-width: 160px) 100vw, 160px\" \/><\/a>L&rsquo;\u00e9clairage est pour moi un art en soi, une psychologie et une science \u00e0 la fois.<\/p>\n<p>Mes conceptions ont aliment\u00e9 diff\u00e9rents types de productions &#8211; d&rsquo;une danse am\u00e9rindienne d&rsquo;ombres avec une seule lumi\u00e8re, jusqu&rsquo;\u00e0 des pi\u00e8ces de th\u00e9\u00e2tre dans de grandes salles avec une centaine de lumi\u00e8res.<\/p>\n<p>Mes plans sont habituellement produits dans AutoCAD pour aussi calculer les lignes de vues et faciliter le partage des dessins avec les responsables des salles et d&rsquo;autres membres d&rsquo;\u00e9quipe.<\/p>\n<p>Uniquement besoin de quelqu&rsquo;un pour <i>op\u00e9rer<\/i> la console? J&rsquo;en connais plusieurs, tel que ETC, Strand, Hog, MA.<\/p>\n<p>Peu importe le mandat, je con\u00e7ois et op\u00e8re des \u00e9clairages avec le m\u00eame souci de professionnalisme.<\/p>\n<p><b>Portfolio :<\/b> <a href=\"http:\/\/jurjenbarel.com\/fr\/service\/conception-eclairages\/\">Conception d&rsquo;\u00e9clairages<\/a> et <a href=\"http:\/\/jurjenbarel.com\/fr\/service\/operation-eclairages\/\">op\u00e9ration d&rsquo;\u00e9clairages<\/a>.<\/p>\n<h3>Gr\u00e9age &amp; automatisation<\/h3>\n<p><img loading=\"lazy\" decoding=\"async\" class=\"alignleft size-full wp-image-230\" src=\"http:\/\/jurjenbarel.com\/wp-content\/uploads\/2015\/01\/rigging.png\" alt=\"\u00a9 Jurjen Barel\" width=\"238\" height=\"200\" \/>Manilles, bretelles, n\u0153ud, CMU, palans \u00e0 cha\u00eene, port\u00e9es de pont&#8230; Je parle la langue!<\/p>\n<p>Gr\u00e2ce \u00e0 mes cours d&rsquo;ing\u00e9nierie, je peux vous produire les calculs requis et vous recommander des \u00e9quipements appropri\u00e9s \u00e0 votre production. D\u00e9sirez-vous programmer des mouvements \u00e0 vitesse variable? Aucun probl\u00e8me, il y a plusieurs choix sur le march\u00e9.<\/p>\n<p>Avez-vous besoin de quelqu&rsquo;un pour installer les points de gr\u00e9age dans le toit? Je suis <i>certifi\u00e9<\/i> pour travailler avec des \u00e9quipements anti-chute et pour op\u00e9rer les nacelles \u00e9l\u00e9vatrices.<\/p>\n<h3>Ing\u00e9nierie de son<\/h3>\n<p><img loading=\"lazy\" decoding=\"async\" class=\"alignright size-full wp-image-238\" src=\"http:\/\/jurjenbarel.com\/wp-content\/uploads\/2014\/09\/mic_shootout.png\" alt=\"\u00a9 Jurjen Barel\" width=\"191\" height=\"200\" srcset=\"https:\/\/jurjenbarel.com\/wp-content\/uploads\/2014\/09\/mic_shootout.png 382w, https:\/\/jurjenbarel.com\/wp-content\/uploads\/2014\/09\/mic_shootout-320x335.png 320w\" sizes=\"auto, (max-width: 191px) 100vw, 191px\" \/>Mixage d&rsquo;un groupe de musique, g\u00e9rer les microphones et syst\u00e8mes de retour personnel sans-fils pour les productions sc\u00e9niques, calibrer le syst\u00e8me de PA, faire une compilation de plusieurs chansons sur place&#8230; Pas de probl\u00e8me!<\/p>\n<p>Avec une longue histoire musicale (piano, batterie, DJ), trois ans de cours de sonorisation et plus qu&rsquo;une d\u00e9cennie \u00e0 titre de technicien de son, je suis en mesure de relever des d\u00e9fis de grande envergure.<\/p>\n<p>Voici un aper\u00e7u des diff\u00e9rents services que je peux assumer \u00e0 la sonorisation :<\/p>\n<ul>\n<li>Mixage d&rsquo;une production de th\u00e9\u00e2tre ou d\u2019un groupe de musique;<\/li>\n<li>G\u00e9rance des microphones et des syst\u00e8mes de retour personnel sans-fils pour les productions sc\u00e9niques ;<\/li>\n<li>Calibrage du syst\u00e8me de PA;<\/li>\n<li>Op\u00e9ration de consoles analogues et num\u00e9riques (notamment consoles Yamaha: CL5, QL5, LS9, M7CL et les s\u00e9ries ant\u00e9rieures).<\/li>\n<\/ul>\n<p><b>Portfolio :<\/b> <a href=\"http:\/\/jurjenbarel.com\/fr\/service\/operation-de-son\/\">Op\u00e9ration de son<\/a>.<\/p>\n<h3>TI \u00e9v\u00e9nementiel<\/h3>\n<p><a href=\"http:\/\/jurjenbarel.com\/test\/fr\/projet\/branche\/\"><img loading=\"lazy\" decoding=\"async\" class=\"alignleft size-medium wp-image-163\" src=\"http:\/\/jurjenbarel.com\/wp-content\/uploads\/2014\/08\/Branch\u00e9-wifi-320x240.jpg\" alt=\"\u00a9 Jurjen Barel\" width=\"200\" height=\"150\" srcset=\"https:\/\/jurjenbarel.com\/wp-content\/uploads\/2014\/08\/Branch\u00e9-wifi-320x240.jpg 320w, https:\/\/jurjenbarel.com\/wp-content\/uploads\/2014\/08\/Branch\u00e9-wifi-540x405.jpg 540w, https:\/\/jurjenbarel.com\/wp-content\/uploads\/2014\/08\/Branch\u00e9-wifi.jpg 960w\" sizes=\"auto, (max-width: 200px) 100vw, 200px\" \/><\/a>Si votre projet requiert des comp\u00e9tences en mati\u00e8re de technologie de l\u2019information (TI) qui d\u00e9passent ceux du technicien du bureau, j&rsquo;offre des solutions.<\/p>\n<ul>\n<li>Gestion de r\u00e9seaux (c\u00e2bl\u00e9s et\/ou sans-fil) et connexions internet pour des bureaux cr\u00e9atifs, des festivals, des productions de th\u00e9\u00e2tres interactifs et les salles de diffusion, incluant planification et int\u00e9gration;<\/li>\n<li>Adaptations de r\u00e9seaux aux protocoles pour l&rsquo;\u00e9clairage et sonorisation, comme ACN, ArtNet, Dante et EtherSound.<\/li>\n<\/ul>\n<p><b>Portfolio :<\/b> <a href=\"http:\/\/jurjenbarel.com\/fr\/service\/ti-evenementiel\/\">TI \u00e9v\u00e9nementiel<\/a>.<\/p>\n<p><\/p>","protected":false},"excerpt":{"rendered":"<p>Je suis d\u2019avis que chaque production se doit d\u2019\u00eatre unique et c\u2019est avec cette approche que j\u2019offre les services suivants en tant que technicien pigiste aux artistes et artisans, aux producteurs des arts de la sc\u00e8ne et aux responsables des \u00e9v\u00e9nements corporatifs. Je me greffe \u00e0 toute \u00e9quipe avec le d\u00e9sir d\u2019apporter et de partager&#8230; <a class=\"more\" href=\"https:\/\/jurjenbarel.com\/fr\/services\/\">Lire plus %rarr;<\/a><\/p>\n","protected":false},"author":1,"featured_media":0,"parent":0,"menu_order":1,"comment_status":"closed","ping_status":"closed","template":"fullwidth-page.php","meta":{"footnotes":""},"class_list":["post-205","page","type-page","status-publish","hentry"],"_links":{"self":[{"href":"https:\/\/jurjenbarel.com\/fr\/wp-json\/wp\/v2\/pages\/205","targetHints":{"allow":["GET"]}}],"collection":[{"href":"https:\/\/jurjenbarel.com\/fr\/wp-json\/wp\/v2\/pages"}],"about":[{"href":"https:\/\/jurjenbarel.com\/fr\/wp-json\/wp\/v2\/types\/page"}],"author":[{"embeddable":true,"href":"https:\/\/jurjenbarel.com\/fr\/wp-json\/wp\/v2\/users\/1"}],"replies":[{"embeddable":true,"href":"https:\/\/jurjenbarel.com\/fr\/wp-json\/wp\/v2\/comments?post=205"}],"version-history":[{"count":36,"href":"https:\/\/jurjenbarel.com\/fr\/wp-json\/wp\/v2\/pages\/205\/revisions"}],"predecessor-version":[{"id":427,"href":"https:\/\/jurjenbarel.com\/fr\/wp-json\/wp\/v2\/pages\/205\/revisions\/427"}],"wp:attachment":[{"href":"https:\/\/jurjenbarel.com\/fr\/wp-json\/wp\/v2\/media?parent=205"}],"curies":[{"name":"wp","href":"https:\/\/api.w.org\/{rel}","templated":true}]}}