{"id":124,"date":"2014-01-29T13:32:31","date_gmt":"2014-01-29T18:32:31","guid":{"rendered":"http:\/\/jurjenbarel.com\/test\/?page_id=124"},"modified":"2017-06-24T19:01:27","modified_gmt":"2017-06-25T00:01:27","slug":"about","status":"publish","type":"page","link":"https:\/\/jurjenbarel.com\/fr\/a-propos-de-moi\/","title":{"rendered":"\u00c0 propos de moi"},"content":{"rendered":"<p>Mes int\u00e9r\u00eats pour l&rsquo;\u00e9clairage et la sonorisation remontent au d\u00e9but de l&rsquo;\u00e9cole secondaire lorsque j&rsquo;ai d\u00e9marr\u00e9 ma propre compagnie de discoth\u00e8que mobile. Pendant mon adolescence, mes premiers contrats comme technicien pigiste dans l&rsquo;\u00e9v\u00e9nementiel et comme b\u00e9n\u00e9vole dans un th\u00e9\u00e2tre ont confirm\u00e9 ma passions pour les arts de la sc\u00e8ne.<\/p>\n<p>En \u00e9tudiant au programme Cr\u00e9ateur de th\u00e9\u00e2tre \/ Technique &#038; Th\u00e9\u00e2tre \u00e0 l&rsquo;Acad\u00e9mie des Arts d&rsquo;Amsterdam et en travaillent pour une vari\u00e9t\u00e9 d&rsquo;\u00e9v\u00e9nements corporatifs, de spectacles et de productions de th\u00e9\u00e2tre,  j&rsquo;ai \u00e9largi mes champs de connaissances et d&rsquo;exp\u00e9riences dans les arts de la sc\u00e8ne &#8211; th\u00e9\u00e2tre, danse et musique live &#8211; en faisant partie des \u00e9quipes artistiques.<\/p>\n<p>Depuis mon d\u00e9m\u00e9nagement au Qu\u00e9bec, je poursuis mes ambitions en offrant mes services quotidiennement \u00e0 des organismes de th\u00e9\u00e2tres et \u00e0 l&rsquo;\u00e9v\u00e9nementiel.<\/p>\n<h2>Documents<\/h2>\n<p>Je poss\u00e8de les papiers suivants pour faciliter mon travail :<\/p>\n<ul>\n<li>Certificats pour l&rsquo;op\u00e9ration de plates-formes \u00e9l\u00e9vatrices automotrices, \u00e0 mat t\u00e9lescopique et nacelles \u00e9l\u00e9vatrices<\/li>\n<li>Certificat de travailleur autoris\u00e9 pour la protection contre les chutes et travail s\u00e9curitaire en hauteur<\/li>\n<li>Certificate pour sauvetage en hauteur<\/li>\n<li>Passeport europ\u00e9en pour travailler dans l&rsquo;UE\/CEE sans visa\/permis<\/li>\n<li>Une carte Nexus pour faciliter traverser la fronti\u00e8re et r\u00e9duire le temps \u00e0 l&rsquo;aeroport<\/li>\n<\/ul>\n<h2>Affiliations<\/h2>\n<p>Je suis membre de l&rsquo;Institut Canadien des Technologies Sc\u00e9nographiques (ICTS) et son \u00e9quivalent n\u00e9erlandais : Vereniging voor Podiumtechnologie (VPT).<\/p>","protected":false},"excerpt":{"rendered":"<p>Mes int\u00e9r\u00eats pour l&rsquo;\u00e9clairage et la sonorisation remontent au d\u00e9but de l&rsquo;\u00e9cole secondaire lorsque j&rsquo;ai d\u00e9marr\u00e9 ma propre compagnie de discoth\u00e8que mobile. Pendant mon adolescence, mes premiers contrats comme technicien pigiste dans l&rsquo;\u00e9v\u00e9nementiel et comme b\u00e9n\u00e9vole dans un th\u00e9\u00e2tre ont confirm\u00e9 ma passions pour les arts de la sc\u00e8ne. En \u00e9tudiant au programme Cr\u00e9ateur de&#8230; <a class=\"more\" href=\"https:\/\/jurjenbarel.com\/fr\/a-propos-de-moi\/\">Lire plus %rarr;<\/a><\/p>\n","protected":false},"author":1,"featured_media":0,"parent":0,"menu_order":0,"comment_status":"closed","ping_status":"closed","template":"","meta":{"footnotes":""},"class_list":["post-124","page","type-page","status-publish","hentry"],"_links":{"self":[{"href":"https:\/\/jurjenbarel.com\/fr\/wp-json\/wp\/v2\/pages\/124","targetHints":{"allow":["GET"]}}],"collection":[{"href":"https:\/\/jurjenbarel.com\/fr\/wp-json\/wp\/v2\/pages"}],"about":[{"href":"https:\/\/jurjenbarel.com\/fr\/wp-json\/wp\/v2\/types\/page"}],"author":[{"embeddable":true,"href":"https:\/\/jurjenbarel.com\/fr\/wp-json\/wp\/v2\/users\/1"}],"replies":[{"embeddable":true,"href":"https:\/\/jurjenbarel.com\/fr\/wp-json\/wp\/v2\/comments?post=124"}],"version-history":[{"count":22,"href":"https:\/\/jurjenbarel.com\/fr\/wp-json\/wp\/v2\/pages\/124\/revisions"}],"predecessor-version":[{"id":446,"href":"https:\/\/jurjenbarel.com\/fr\/wp-json\/wp\/v2\/pages\/124\/revisions\/446"}],"wp:attachment":[{"href":"https:\/\/jurjenbarel.com\/fr\/wp-json\/wp\/v2\/media?parent=124"}],"curies":[{"name":"wp","href":"https:\/\/api.w.org\/{rel}","templated":true}]}}